{"id":30472,"date":"2025-05-13T15:40:08","date_gmt":"2025-05-13T13:40:08","guid":{"rendered":"https:\/\/www.chateaudelislette.fr\/?page_id=30472"},"modified":"2025-05-13T15:48:46","modified_gmt":"2025-05-13T13:48:46","slug":"billetterie-fete-des-plantes","status":"publish","type":"page","link":"https:\/\/www.chateaudelislette.fr\/en\/billetterie-fete-des-plantes","title":{"rendered":"Tickets \u2013 Plant Festival"},"content":{"rendered":"<div data-elementor-type=\"wp-page\" data-elementor-id=\"30472\" class=\"elementor elementor-30472\">\n\t\t\t\t\t\t<section class=\"elementor-section elementor-top-section elementor-element elementor-element-14896aa elementor-section-full_width elementor-hidden-tablet elementor-hidden-mobile elementor-section-height-default elementor-section-height-default\" data-id=\"14896aa\" data-element_type=\"section\" data-settings=\"{&quot;background_background&quot;:&quot;classic&quot;}\">\n\t\t\t\t\t\t\t<div class=\"elementor-background-overlay\"><\/div>\n\t\t\t\t\t\t\t<div class=\"elementor-container elementor-column-gap-no\">\n\t\t\t\t\t<div class=\"elementor-column elementor-col-100 elementor-top-column elementor-element elementor-element-5be445a5\" data-id=\"5be445a5\" data-element_type=\"column\">\n\t\t\t<div class=\"elementor-widget-wrap elementor-element-populated\">\n\t\t\t\t\t\t<div class=\"elementor-element elementor-element-57cc1d01 elementor-widget elementor-widget-heading\" data-id=\"57cc1d01\" data-element_type=\"widget\" data-widget_type=\"heading.default\">\n\t\t\t\t<div class=\"elementor-widget-container\">\n\t\t\t<style>\/*! elementor - v3.22.0 - 17-06-2024 *\/\n.elementor-heading-title{padding:0;margin:0;line-height:1}.elementor-widget-heading .elementor-heading-title[class*=elementor-size-]>a{color:inherit;font-size:inherit;line-height:inherit}.elementor-widget-heading .elementor-heading-title.elementor-size-small{font-size:15px}.elementor-widget-heading .elementor-heading-title.elementor-size-medium{font-size:19px}.elementor-widget-heading .elementor-heading-title.elementor-size-large{font-size:29px}.elementor-widget-heading .elementor-heading-title.elementor-size-xl{font-size:39px}.elementor-widget-heading .elementor-heading-title.elementor-size-xxl{font-size:59px}<\/style><h1 class=\"elementor-heading-title elementor-size-default\">Online ticketing<\/h1>\t\t<\/div>\n\t\t\t\t<\/div>\n\t\t\t\t\t<\/div>\n\t\t<\/div>\n\t\t\t\t\t<\/div>\n\t\t<\/section>\n\t\t\t\t<section class=\"elementor-section elementor-top-section elementor-element elementor-element-429bf06a elementor-section-boxed elementor-section-height-default elementor-section-height-default\" data-id=\"429bf06a\" data-element_type=\"section\" data-settings=\"{&quot;background_background&quot;:&quot;classic&quot;}\">\n\t\t\t\t\t\t<div class=\"elementor-container elementor-column-gap-default\">\n\t\t\t\t\t<div class=\"elementor-column elementor-col-100 elementor-top-column elementor-element elementor-element-2e601e1f\" data-id=\"2e601e1f\" data-element_type=\"column\">\n\t\t\t<div class=\"elementor-widget-wrap elementor-element-populated\">\n\t\t\t\t\t\t<div class=\"elementor-element elementor-element-16e4c7ea elementor-widget elementor-widget-heading\" data-id=\"16e4c7ea\" data-element_type=\"widget\" data-widget_type=\"heading.default\">\n\t\t\t\t<div class=\"elementor-widget-container\">\n\t\t\t<h2 class=\"elementor-heading-title elementor-size-default\">Plant Festival - May 17 &amp; 18, 2025<\/h2>\t\t<\/div>\n\t\t\t\t<\/div>\n\t\t\t\t<div class=\"elementor-element elementor-element-16312f1 elementor-widget elementor-widget-text-editor\" data-id=\"16312f1\" data-element_type=\"widget\" data-widget_type=\"text-editor.default\">\n\t\t\t\t<div class=\"elementor-widget-container\">\n\t\t\t<style>\/*! elementor - v3.22.0 - 17-06-2024 *\/\n.elementor-widget-text-editor.elementor-drop-cap-view-stacked .elementor-drop-cap{background-color:#69727d;color:#fff}.elementor-widget-text-editor.elementor-drop-cap-view-framed .elementor-drop-cap{color:#69727d;border:3px solid;background-color:transparent}.elementor-widget-text-editor:not(.elementor-drop-cap-view-default) .elementor-drop-cap{margin-top:8px}.elementor-widget-text-editor:not(.elementor-drop-cap-view-default) .elementor-drop-cap-letter{width:1em;height:1em}.elementor-widget-text-editor .elementor-drop-cap{float:left;text-align:center;line-height:1;font-size:50px}.elementor-widget-text-editor .elementor-drop-cap-letter{display:inline-block}<\/style>\t\t\t\t<p>Non-refundable tickets valid only on May 17 &amp; 18, 2025<\/p>\t\t\t\t\t\t<\/div>\n\t\t\t\t<\/div>\n\t\t\t\t<div class=\"elementor-element elementor-element-99080c2 elementor-widget elementor-widget-shortcode\" data-id=\"99080c2\" data-element_type=\"widget\" data-widget_type=\"shortcode.default\">\n\t\t\t\t<div class=\"elementor-widget-container\">\n\t\t\t\t\t<div class=\"elementor-shortcode\"><\/div>\n\t\t\t\t<\/div>\n\t\t\t\t<\/div>\n\t\t\t\t\t<\/div>\n\t\t<\/div>\n\t\t\t\t\t<\/div>\n\t\t<\/section>\n\t\t\t\t<\/div>","protected":false},"excerpt":{"rendered":"<p>Plant Festival Tickets \u2013 May 17 &amp; 18, 2025 Non-refundable tickets valid only on May 17 &amp; 18, 2025<\/p>","protected":false},"author":1,"featured_media":0,"parent":0,"menu_order":0,"comment_status":"closed","ping_status":"closed","template":"","meta":{"site-sidebar-layout":"no-sidebar","site-content-layout":"page-builder","ast-site-content-layout":"full-width-container","site-content-style":"default","site-sidebar-style":"default","ast-global-header-display":"","ast-banner-title-visibility":"","ast-main-header-display":"","ast-hfb-above-header-display":"","ast-hfb-below-header-display":"","ast-hfb-mobile-header-display":"","site-post-title":"disabled","ast-breadcrumbs-content":"","ast-featured-img":"disabled","footer-sml-layout":"","theme-transparent-header-meta":"","adv-header-id-meta":"","stick-header-meta":"","header-above-stick-meta":"","header-main-stick-meta":"","header-below-stick-meta":"","astra-migrate-meta-layouts":"set","ast-page-background-enabled":"default","ast-page-background-meta":{"desktop":{"background-color":"","background-image":"","background-repeat":"repeat","background-position":"center center","background-size":"auto","background-attachment":"scroll","background-type":"","background-media":"","overlay-type":"","overlay-color":"","overlay-gradient":""},"tablet":{"background-color":"","background-image":"","background-repeat":"repeat","background-position":"center center","background-size":"auto","background-attachment":"scroll","background-type":"","background-media":"","overlay-type":"","overlay-color":"","overlay-gradient":""},"mobile":{"background-color":"","background-image":"","background-repeat":"repeat","background-position":"center center","background-size":"auto","background-attachment":"scroll","background-type":"","background-media":"","overlay-type":"","overlay-color":"","overlay-gradient":""}},"ast-content-background-meta":{"desktop":{"background-color":"var(--ast-global-color-5)","background-image":"","background-repeat":"repeat","background-position":"center center","background-size":"auto","background-attachment":"scroll","background-type":"","background-media":"","overlay-type":"","overlay-color":"","overlay-gradient":""},"tablet":{"background-color":"var(--ast-global-color-5)","background-image":"","background-repeat":"repeat","background-position":"center center","background-size":"auto","background-attachment":"scroll","background-type":"","background-media":"","overlay-type":"","overlay-color":"","overlay-gradient":""},"mobile":{"background-color":"var(--ast-global-color-5)","background-image":"","background-repeat":"repeat","background-position":"center center","background-size":"auto","background-attachment":"scroll","background-type":"","background-media":"","overlay-type":"","overlay-color":"","overlay-gradient":""}},"_price":"","_stock":"","_tribe_ticket_header":"","_tribe_default_ticket_provider":"","_tribe_ticket_capacity":"0","_ticket_start_date":"","_ticket_end_date":"","_tribe_ticket_show_description":"","_tribe_ticket_show_not_going":false,"_tribe_ticket_use_global_stock":"","_tribe_ticket_global_stock_level":"","_global_stock_mode":"","_global_stock_cap":"","_tribe_rsvp_for_event":"","_tribe_ticket_going_count":"","_tribe_ticket_not_going_count":"","_tribe_tickets_list":"[]","_tribe_ticket_has_attendee_info_fields":false,"footnotes":"","_tec_slr_enabled":"","_tec_slr_layout":""},"class_list":["post-30472","page","type-page","status-publish","hentry"],"yoast_head":"<!-- This site is optimized with the Yoast SEO plugin v25.6 - https:\/\/yoast.com\/wordpress\/plugins\/seo\/ -->\n<title>Billetterie - F\u00eate des plantes - Ch\u00e2teau de l&#039;Islette<\/title>\n<meta name=\"robots\" content=\"index, follow, max-snippet:-1, max-image-preview:large, max-video-preview:-1\" \/>\n<link rel=\"canonical\" href=\"https:\/\/www.chateaudelislette.fr\/en\/billetterie-fete-des-plantes\/\" \/>\n<meta property=\"og:locale\" content=\"en_US\" \/>\n<meta property=\"og:type\" content=\"article\" \/>\n<meta property=\"og:title\" content=\"Billetterie - F\u00eate des plantes - Ch\u00e2teau de l&#039;Islette\" \/>\n<meta property=\"og:description\" content=\"Billetterie F\u00eate des plantes &#8211; 17&amp;18 mai 2025 Billets non remboursables valables uniquement les 17&amp;18 mai 2025\" \/>\n<meta property=\"og:url\" content=\"https:\/\/www.chateaudelislette.fr\/en\/billetterie-fete-des-plantes\/\" \/>\n<meta property=\"og:site_name\" content=\"Ch\u00e2teau de l&#039;Islette\" \/>\n<meta property=\"article:publisher\" content=\"https:\/\/www.facebook.com\/chateaudelislette\" \/>\n<meta property=\"article:modified_time\" content=\"2025-05-13T13:48:46+00:00\" \/>\n<meta name=\"twitter:card\" content=\"summary_large_image\" \/>\n<meta name=\"twitter:label1\" content=\"Est. reading time\" \/>\n\t<meta name=\"twitter:data1\" content=\"1 minute\" \/>\n<script type=\"application\/ld+json\" class=\"yoast-schema-graph\">{\"@context\":\"https:\/\/schema.org\",\"@graph\":[{\"@type\":\"WebPage\",\"@id\":\"https:\/\/www.chateaudelislette.fr\/billetterie-fete-des-plantes\",\"url\":\"https:\/\/www.chateaudelislette.fr\/billetterie-fete-des-plantes\",\"name\":\"Billetterie - F\u00eate des plantes - Ch\u00e2teau de l&#039;Islette\",\"isPartOf\":{\"@id\":\"https:\/\/www.chateaudelislette.fr\/#website\"},\"datePublished\":\"2025-05-13T13:40:08+00:00\",\"dateModified\":\"2025-05-13T13:48:46+00:00\",\"breadcrumb\":{\"@id\":\"https:\/\/www.chateaudelislette.fr\/billetterie-fete-des-plantes#breadcrumb\"},\"inLanguage\":\"en-US\",\"potentialAction\":[{\"@type\":\"ReadAction\",\"target\":[\"https:\/\/www.chateaudelislette.fr\/billetterie-fete-des-plantes\"]}]},{\"@type\":\"BreadcrumbList\",\"@id\":\"https:\/\/www.chateaudelislette.fr\/billetterie-fete-des-plantes#breadcrumb\",\"itemListElement\":[{\"@type\":\"ListItem\",\"position\":1,\"name\":\"Accueil\",\"item\":\"https:\/\/www.chateaudelislette.fr\/\"},{\"@type\":\"ListItem\",\"position\":2,\"name\":\"Billetterie &#8211; F\u00eate des plantes\"}]},{\"@type\":\"WebSite\",\"@id\":\"https:\/\/www.chateaudelislette.fr\/#website\",\"url\":\"https:\/\/www.chateaudelislette.fr\/\",\"name\":\"Ch\u00e2teau de l'Islette\",\"description\":\"Le ch\u00e2teau des amours de Camille Claudel et Rodin\",\"publisher\":{\"@id\":\"https:\/\/www.chateaudelislette.fr\/#organization\"},\"potentialAction\":[{\"@type\":\"SearchAction\",\"target\":{\"@type\":\"EntryPoint\",\"urlTemplate\":\"https:\/\/www.chateaudelislette.fr\/?s={search_term_string}\"},\"query-input\":{\"@type\":\"PropertyValueSpecification\",\"valueRequired\":true,\"valueName\":\"search_term_string\"}}],\"inLanguage\":\"en-US\"},{\"@type\":\"Organization\",\"@id\":\"https:\/\/www.chateaudelislette.fr\/#organization\",\"name\":\"Ch\u00e2teau de l'Islette\",\"url\":\"https:\/\/www.chateaudelislette.fr\/\",\"logo\":{\"@type\":\"ImageObject\",\"inLanguage\":\"en-US\",\"@id\":\"https:\/\/www.chateaudelislette.fr\/#\/schema\/logo\/image\/\",\"url\":\"https:\/\/www.chateaudelislette.fr\/wp-content\/uploads\/2023\/06\/Logo-Islette.png\",\"contentUrl\":\"https:\/\/www.chateaudelislette.fr\/wp-content\/uploads\/2023\/06\/Logo-Islette.png\",\"width\":546,\"height\":634,\"caption\":\"Ch\u00e2teau de l'Islette\"},\"image\":{\"@id\":\"https:\/\/www.chateaudelislette.fr\/#\/schema\/logo\/image\/\"},\"sameAs\":[\"https:\/\/www.facebook.com\/chateaudelislette\",\"https:\/\/www.instagram.com\/chateaudelislette\"]}]}<\/script>\n<!-- \/ Yoast SEO plugin. -->","yoast_head_json":{"title":"Tickets - Plant Festival - Ch\u00e2teau de l&#039;Islette","robots":{"index":"index","follow":"follow","max-snippet":"max-snippet:-1","max-image-preview":"max-image-preview:large","max-video-preview":"max-video-preview:-1"},"canonical":"https:\/\/www.chateaudelislette.fr\/en\/billetterie-fete-des-plantes\/","og_locale":"en_US","og_type":"article","og_title":"Billetterie - F\u00eate des plantes - Ch\u00e2teau de l&#039;Islette","og_description":"Billetterie F\u00eate des plantes &#8211; 17&amp;18 mai 2025 Billets non remboursables valables uniquement les 17&amp;18 mai 2025","og_url":"https:\/\/www.chateaudelislette.fr\/en\/billetterie-fete-des-plantes\/","og_site_name":"Ch\u00e2teau de l&#039;Islette","article_publisher":"https:\/\/www.facebook.com\/chateaudelislette","article_modified_time":"2025-05-13T13:48:46+00:00","twitter_card":"summary_large_image","twitter_misc":{"Est. reading time":"1 minute"},"schema":{"@context":"https:\/\/schema.org","@graph":[{"@type":"WebPage","@id":"https:\/\/www.chateaudelislette.fr\/billetterie-fete-des-plantes","url":"https:\/\/www.chateaudelislette.fr\/billetterie-fete-des-plantes","name":"Tickets - Plant Festival - Ch\u00e2teau de l&#039;Islette","isPartOf":{"@id":"https:\/\/www.chateaudelislette.fr\/#website"},"datePublished":"2025-05-13T13:40:08+00:00","dateModified":"2025-05-13T13:48:46+00:00","breadcrumb":{"@id":"https:\/\/www.chateaudelislette.fr\/billetterie-fete-des-plantes#breadcrumb"},"inLanguage":"en-US","potentialAction":[{"@type":"ReadAction","target":["https:\/\/www.chateaudelislette.fr\/billetterie-fete-des-plantes"]}]},{"@type":"BreadcrumbList","@id":"https:\/\/www.chateaudelislette.fr\/billetterie-fete-des-plantes#breadcrumb","itemListElement":[{"@type":"ListItem","position":1,"name":"Accueil","item":"https:\/\/www.chateaudelislette.fr\/"},{"@type":"ListItem","position":2,"name":"Billetterie &#8211; F\u00eate des plantes"}]},{"@type":"WebSite","@id":"https:\/\/www.chateaudelislette.fr\/#website","url":"https:\/\/www.chateaudelislette.fr\/","name":"Ch\u00e2teau de l&#039;Islette","description":"The love castle of Camille Claudel and Rodin","publisher":{"@id":"https:\/\/www.chateaudelislette.fr\/#organization"},"potentialAction":[{"@type":"SearchAction","target":{"@type":"EntryPoint","urlTemplate":"https:\/\/www.chateaudelislette.fr\/?s={search_term_string}"},"query-input":{"@type":"PropertyValueSpecification","valueRequired":true,"valueName":"search_term_string"}}],"inLanguage":"en-US"},{"@type":"Organization","@id":"https:\/\/www.chateaudelislette.fr\/#organization","name":"Ch\u00e2teau de l&#039;Islette","url":"https:\/\/www.chateaudelislette.fr\/","logo":{"@type":"ImageObject","inLanguage":"en-US","@id":"https:\/\/www.chateaudelislette.fr\/#\/schema\/logo\/image\/","url":"https:\/\/www.chateaudelislette.fr\/wp-content\/uploads\/2023\/06\/Logo-Islette.png","contentUrl":"https:\/\/www.chateaudelislette.fr\/wp-content\/uploads\/2023\/06\/Logo-Islette.png","width":546,"height":634,"caption":"Ch\u00e2teau de l'Islette"},"image":{"@id":"https:\/\/www.chateaudelislette.fr\/#\/schema\/logo\/image\/"},"sameAs":["https:\/\/www.facebook.com\/chateaudelislette","https:\/\/www.instagram.com\/chateaudelislette"]}]}},"jetpack_sharing_enabled":true,"ticketed":false,"_links":{"self":[{"href":"https:\/\/www.chateaudelislette.fr\/en\/wp-json\/wp\/v2\/pages\/30472","targetHints":{"allow":["GET"]}}],"collection":[{"href":"https:\/\/www.chateaudelislette.fr\/en\/wp-json\/wp\/v2\/pages"}],"about":[{"href":"https:\/\/www.chateaudelislette.fr\/en\/wp-json\/wp\/v2\/types\/page"}],"author":[{"embeddable":true,"href":"https:\/\/www.chateaudelislette.fr\/en\/wp-json\/wp\/v2\/users\/1"}],"replies":[{"embeddable":true,"href":"https:\/\/www.chateaudelislette.fr\/en\/wp-json\/wp\/v2\/comments?post=30472"}],"version-history":[{"count":0,"href":"https:\/\/www.chateaudelislette.fr\/en\/wp-json\/wp\/v2\/pages\/30472\/revisions"}],"wp:attachment":[{"href":"https:\/\/www.chateaudelislette.fr\/en\/wp-json\/wp\/v2\/media?parent=30472"}],"curies":[{"name":"wp","href":"https:\/\/api.w.org\/{rel}","templated":true}]}}