{"id":29898,"date":"2025-03-28T12:19:08","date_gmt":"2025-03-28T11:19:08","guid":{"rendered":"https:\/\/www.chateaudelislette.fr\/?page_id=29898"},"modified":"2025-03-28T12:20:10","modified_gmt":"2025-03-28T11:20:10","slug":"visite-lang3","status":"publish","type":"page","link":"https:\/\/www.chateaudelislette.fr\/en\/visite-lang3","title":{"rendered":"visit-lang3"},"content":{"rendered":"<div data-elementor-type=\"wp-page\" data-elementor-id=\"29898\" class=\"elementor elementor-29898\">\n\t\t\t\t\t\t<section class=\"elementor-section elementor-top-section elementor-element elementor-element-fe6358b elementor-section-full_width elementor-section-height-default elementor-section-height-default\" data-id=\"fe6358b\" data-element_type=\"section\">\n\t\t\t\t\t\t<div class=\"elementor-container elementor-column-gap-default\">\n\t\t\t\t\t<div class=\"elementor-column elementor-col-100 elementor-top-column elementor-element elementor-element-d1b787d\" data-id=\"d1b787d\" data-element_type=\"column\">\n\t\t\t<div class=\"elementor-widget-wrap elementor-element-populated\">\n\t\t\t\t\t\t<div class=\"elementor-element elementor-element-5b88ee3 elementor-widget elementor-widget-html\" data-id=\"5b88ee3\" data-element_type=\"widget\" data-widget_type=\"html.default\">\n\t\t\t\t<div class=\"elementor-widget-container\">\n\t\t\t<style>\n    .contfl {\n        padding: 50px;\n        min-height: 100vh;\n        display: flex;\n        flex-direction: column;\n        color: black;\n        background-color: #f6f6f6;\n    }\n    .contfl > * {\n        margin-bottom: 20px;\n    }\n    .titlfl {\n        width: 100%;\n        text-align: center;\n        font-size: 1.5em;\n    }\n    .imgfl {\n        display: flex;\n        flex-direction: column;\n        align-items: center;\n    }\n\n<\/style>\n<div class=\"contfl\">\n    <!--<div class=\"titlfl\">-->\n    <!--    Langues \/ languages-->\n    <!--<\/div>-->\n    <a class=\"imgfl\" href=\"\/en\/visite-fr\/#s3\">\n        <img decoding=\"async\" width=\"180\" src=\"\/wp-content\/uploads\/2025\/03\/Flag-FR.jpg\">\n        French\n    <\/a>\n    <a class=\"imgfl\" href=\"\/en\/visite-en\/#s3\">\n        <img decoding=\"async\" width=\"180\" src=\"\/wp-content\/uploads\/2025\/03\/Flag-UK.jpg\">\n        English\n    <\/a>\n    <a class=\"imgfl\" href=\"\/en\/visite-de\/#s3\">\n        <img decoding=\"async\" width=\"180\" src=\"\/wp-content\/uploads\/2025\/03\/Flag-GER.jpg\">\n        German\n    <\/a>\n    <a class=\"imgfl\" href=\"\/en\/visite-nl\/#s3\">\n        <img decoding=\"async\" width=\"180\" src=\"\/wp-content\/uploads\/2025\/03\/Flag-NL.jpg\">\n        Dutch\n    <\/a>\n    <a class=\"imgfl\" href=\"\/en\/visite-es\/#s3\">\n        <img decoding=\"async\" width=\"180\" src=\"\/wp-content\/uploads\/2025\/03\/Flag-SP.jpg\">\n        Spanish\n    <\/a>\n    <a class=\"imgfl\" href=\"\/en\/visite-it\/#s3\">\n        <img decoding=\"async\" width=\"180\" src=\"\/wp-content\/uploads\/2025\/03\/Flag-IT.jpg\">\n        Italiano\n    <\/a>\n    <a class=\"imgfl\" href=\"\/en\/visite-pt\/#s3\">\n        <img decoding=\"async\" width=\"180\" src=\"\/wp-content\/uploads\/2025\/03\/Flag-PT.jpg\">\n        Portuguese\n    <\/a>\n    <a class=\"imgfl\" href=\"\/en\/visite-jp\/#s3\">\n        <img decoding=\"async\" width=\"180\" src=\"\/wp-content\/uploads\/2025\/03\/Flag-JP.jpg\">\n        Japanese\n    <\/a>\n    <a class=\"imgfl\" href=\"\/en\/visite-cn\/#s3\">\n        <img decoding=\"async\" width=\"180\" src=\"\/wp-content\/uploads\/2025\/03\/Flag-CN.jpg\">\n        Chinese\n    <\/a>\n    <a class=\"imgfl\" href=\"\/en\/visite-ru\/#s3\">\n        <img decoding=\"async\" width=\"180\" src=\"\/wp-content\/uploads\/2025\/03\/Flag-RU.jpg\">\n        Russian\n    <\/a>\n<\/div>\n\t\t<\/div>\n\t\t\t\t<\/div>\n\t\t\t\t\t<\/div>\n\t\t<\/div>\n\t\t\t\t\t<\/div>\n\t\t<\/section>\n\t\t\t\t<\/div>","protected":false},"excerpt":{"rendered":"<p>Fran\u00e7ais English Deustch Nederlands Espa\u00f1ol Italiano Portugu\u00eas \u65e5\u672c\u8a9e \u4e2d\u6587 \u0420\u0443\u0441\u0441\u043a\u0438\u0439<\/p>","protected":false},"author":1,"featured_media":0,"parent":0,"menu_order":0,"comment_status":"closed","ping_status":"closed","template":"","meta":{"site-sidebar-layout":"no-sidebar","site-content-layout":"page-builder","ast-site-content-layout":"full-width-container","site-content-style":"default","site-sidebar-style":"default","ast-global-header-display":"disabled","ast-banner-title-visibility":"disabled","ast-main-header-display":"","ast-hfb-above-header-display":"","ast-hfb-below-header-display":"","ast-hfb-mobile-header-display":"","site-post-title":"disabled","ast-breadcrumbs-content":"","ast-featured-img":"disabled","footer-sml-layout":"disabled","theme-transparent-header-meta":"","adv-header-id-meta":"","stick-header-meta":"","header-above-stick-meta":"","header-main-stick-meta":"","header-below-stick-meta":"","astra-migrate-meta-layouts":"set","ast-page-background-enabled":"default","ast-page-background-meta":{"desktop":{"background-color":"","background-image":"","background-repeat":"repeat","background-position":"center center","background-size":"auto","background-attachment":"scroll","background-type":"","background-media":"","overlay-type":"","overlay-color":"","overlay-gradient":""},"tablet":{"background-color":"","background-image":"","background-repeat":"repeat","background-position":"center center","background-size":"auto","background-attachment":"scroll","background-type":"","background-media":"","overlay-type":"","overlay-color":"","overlay-gradient":""},"mobile":{"background-color":"","background-image":"","background-repeat":"repeat","background-position":"center center","background-size":"auto","background-attachment":"scroll","background-type":"","background-media":"","overlay-type":"","overlay-color":"","overlay-gradient":""}},"ast-content-background-meta":{"desktop":{"background-color":"var(--ast-global-color-5)","background-image":"","background-repeat":"repeat","background-position":"center center","background-size":"auto","background-attachment":"scroll","background-type":"","background-media":"","overlay-type":"","overlay-color":"","overlay-gradient":""},"tablet":{"background-color":"var(--ast-global-color-5)","background-image":"","background-repeat":"repeat","background-position":"center center","background-size":"auto","background-attachment":"scroll","background-type":"","background-media":"","overlay-type":"","overlay-color":"","overlay-gradient":""},"mobile":{"background-color":"var(--ast-global-color-5)","background-image":"","background-repeat":"repeat","background-position":"center center","background-size":"auto","background-attachment":"scroll","background-type":"","background-media":"","overlay-type":"","overlay-color":"","overlay-gradient":""}},"_price":"","_stock":"","_tribe_ticket_header":"","_tribe_default_ticket_provider":"","_tribe_ticket_capacity":"0","_ticket_start_date":"","_ticket_end_date":"","_tribe_ticket_show_description":"","_tribe_ticket_show_not_going":false,"_tribe_ticket_use_global_stock":"","_tribe_ticket_global_stock_level":"","_global_stock_mode":"","_global_stock_cap":"","_tribe_rsvp_for_event":"","_tribe_ticket_going_count":"","_tribe_ticket_not_going_count":"","_tribe_tickets_list":"[]","_tribe_ticket_has_attendee_info_fields":false,"footnotes":"","_tec_slr_enabled":"","_tec_slr_layout":""},"class_list":["post-29898","page","type-page","status-publish","hentry"],"yoast_head":"<!-- This site is optimized with the Yoast SEO plugin v25.6 - https:\/\/yoast.com\/wordpress\/plugins\/seo\/ -->\n<title>visite-lang3 - Ch\u00e2teau de l&#039;Islette<\/title>\n<meta name=\"robots\" content=\"index, follow, max-snippet:-1, max-image-preview:large, max-video-preview:-1\" \/>\n<link rel=\"canonical\" href=\"https:\/\/www.chateaudelislette.fr\/en\/visite-lang3\/\" \/>\n<meta property=\"og:locale\" content=\"en_US\" \/>\n<meta property=\"og:type\" content=\"article\" \/>\n<meta property=\"og:title\" content=\"visite-lang3 - Ch\u00e2teau de l&#039;Islette\" \/>\n<meta property=\"og:description\" content=\"Fran\u00e7ais English Deustch Nederlands Espa\u00f1ol Italiano Portugu\u00eas \u65e5\u672c\u8a9e \u4e2d\u6587 \u0420\u0443\u0441\u0441\u043a\u0438\u0439\" \/>\n<meta property=\"og:url\" content=\"https:\/\/www.chateaudelislette.fr\/en\/visite-lang3\/\" \/>\n<meta property=\"og:site_name\" content=\"Ch\u00e2teau de l&#039;Islette\" \/>\n<meta property=\"article:publisher\" content=\"https:\/\/www.facebook.com\/chateaudelislette\" \/>\n<meta property=\"article:modified_time\" content=\"2025-03-28T11:20:10+00:00\" \/>\n<meta name=\"twitter:card\" content=\"summary_large_image\" \/>\n<meta name=\"twitter:label1\" content=\"Est. reading time\" \/>\n\t<meta name=\"twitter:data1\" content=\"3 minutes\" \/>\n<script type=\"application\/ld+json\" class=\"yoast-schema-graph\">{\"@context\":\"https:\/\/schema.org\",\"@graph\":[{\"@type\":\"WebPage\",\"@id\":\"https:\/\/www.chateaudelislette.fr\/visite-lang3\",\"url\":\"https:\/\/www.chateaudelislette.fr\/visite-lang3\",\"name\":\"visite-lang3 - Ch\u00e2teau de l&#039;Islette\",\"isPartOf\":{\"@id\":\"https:\/\/www.chateaudelislette.fr\/#website\"},\"datePublished\":\"2025-03-28T11:19:08+00:00\",\"dateModified\":\"2025-03-28T11:20:10+00:00\",\"breadcrumb\":{\"@id\":\"https:\/\/www.chateaudelislette.fr\/visite-lang3#breadcrumb\"},\"inLanguage\":\"en-US\",\"potentialAction\":[{\"@type\":\"ReadAction\",\"target\":[\"https:\/\/www.chateaudelislette.fr\/visite-lang3\"]}]},{\"@type\":\"BreadcrumbList\",\"@id\":\"https:\/\/www.chateaudelislette.fr\/visite-lang3#breadcrumb\",\"itemListElement\":[{\"@type\":\"ListItem\",\"position\":1,\"name\":\"Accueil\",\"item\":\"https:\/\/www.chateaudelislette.fr\/\"},{\"@type\":\"ListItem\",\"position\":2,\"name\":\"visite-lang3\"}]},{\"@type\":\"WebSite\",\"@id\":\"https:\/\/www.chateaudelislette.fr\/#website\",\"url\":\"https:\/\/www.chateaudelislette.fr\/\",\"name\":\"Ch\u00e2teau de l'Islette\",\"description\":\"Le ch\u00e2teau des amours de Camille Claudel et Rodin\",\"publisher\":{\"@id\":\"https:\/\/www.chateaudelislette.fr\/#organization\"},\"potentialAction\":[{\"@type\":\"SearchAction\",\"target\":{\"@type\":\"EntryPoint\",\"urlTemplate\":\"https:\/\/www.chateaudelislette.fr\/?s={search_term_string}\"},\"query-input\":{\"@type\":\"PropertyValueSpecification\",\"valueRequired\":true,\"valueName\":\"search_term_string\"}}],\"inLanguage\":\"en-US\"},{\"@type\":\"Organization\",\"@id\":\"https:\/\/www.chateaudelislette.fr\/#organization\",\"name\":\"Ch\u00e2teau de l'Islette\",\"url\":\"https:\/\/www.chateaudelislette.fr\/\",\"logo\":{\"@type\":\"ImageObject\",\"inLanguage\":\"en-US\",\"@id\":\"https:\/\/www.chateaudelislette.fr\/#\/schema\/logo\/image\/\",\"url\":\"https:\/\/www.chateaudelislette.fr\/wp-content\/uploads\/2023\/06\/Logo-Islette.png\",\"contentUrl\":\"https:\/\/www.chateaudelislette.fr\/wp-content\/uploads\/2023\/06\/Logo-Islette.png\",\"width\":546,\"height\":634,\"caption\":\"Ch\u00e2teau de l'Islette\"},\"image\":{\"@id\":\"https:\/\/www.chateaudelislette.fr\/#\/schema\/logo\/image\/\"},\"sameAs\":[\"https:\/\/www.facebook.com\/chateaudelislette\",\"https:\/\/www.instagram.com\/chateaudelislette\"]}]}<\/script>\n<!-- \/ Yoast SEO plugin. -->","yoast_head_json":{"title":"visite-lang3 - Ch\u00e2teau de l&#039;Islette","robots":{"index":"index","follow":"follow","max-snippet":"max-snippet:-1","max-image-preview":"max-image-preview:large","max-video-preview":"max-video-preview:-1"},"canonical":"https:\/\/www.chateaudelislette.fr\/en\/visite-lang3\/","og_locale":"en_US","og_type":"article","og_title":"visite-lang3 - Ch\u00e2teau de l&#039;Islette","og_description":"Fran\u00e7ais English Deustch Nederlands Espa\u00f1ol Italiano Portugu\u00eas \u65e5\u672c\u8a9e \u4e2d\u6587 \u0420\u0443\u0441\u0441\u043a\u0438\u0439","og_url":"https:\/\/www.chateaudelislette.fr\/en\/visite-lang3\/","og_site_name":"Ch\u00e2teau de l&#039;Islette","article_publisher":"https:\/\/www.facebook.com\/chateaudelislette","article_modified_time":"2025-03-28T11:20:10+00:00","twitter_card":"summary_large_image","twitter_misc":{"Est. reading time":"3 minutes"},"schema":{"@context":"https:\/\/schema.org","@graph":[{"@type":"WebPage","@id":"https:\/\/www.chateaudelislette.fr\/visite-lang3","url":"https:\/\/www.chateaudelislette.fr\/visite-lang3","name":"visite-lang3 - Ch\u00e2teau de l&#039;Islette","isPartOf":{"@id":"https:\/\/www.chateaudelislette.fr\/#website"},"datePublished":"2025-03-28T11:19:08+00:00","dateModified":"2025-03-28T11:20:10+00:00","breadcrumb":{"@id":"https:\/\/www.chateaudelislette.fr\/visite-lang3#breadcrumb"},"inLanguage":"en-US","potentialAction":[{"@type":"ReadAction","target":["https:\/\/www.chateaudelislette.fr\/visite-lang3"]}]},{"@type":"BreadcrumbList","@id":"https:\/\/www.chateaudelislette.fr\/visite-lang3#breadcrumb","itemListElement":[{"@type":"ListItem","position":1,"name":"Accueil","item":"https:\/\/www.chateaudelislette.fr\/"},{"@type":"ListItem","position":2,"name":"visite-lang3"}]},{"@type":"WebSite","@id":"https:\/\/www.chateaudelislette.fr\/#website","url":"https:\/\/www.chateaudelislette.fr\/","name":"Ch\u00e2teau de l&#039;Islette","description":"The love castle of Camille Claudel and Rodin","publisher":{"@id":"https:\/\/www.chateaudelislette.fr\/#organization"},"potentialAction":[{"@type":"SearchAction","target":{"@type":"EntryPoint","urlTemplate":"https:\/\/www.chateaudelislette.fr\/?s={search_term_string}"},"query-input":{"@type":"PropertyValueSpecification","valueRequired":true,"valueName":"search_term_string"}}],"inLanguage":"en-US"},{"@type":"Organization","@id":"https:\/\/www.chateaudelislette.fr\/#organization","name":"Ch\u00e2teau de l&#039;Islette","url":"https:\/\/www.chateaudelislette.fr\/","logo":{"@type":"ImageObject","inLanguage":"en-US","@id":"https:\/\/www.chateaudelislette.fr\/#\/schema\/logo\/image\/","url":"https:\/\/www.chateaudelislette.fr\/wp-content\/uploads\/2023\/06\/Logo-Islette.png","contentUrl":"https:\/\/www.chateaudelislette.fr\/wp-content\/uploads\/2023\/06\/Logo-Islette.png","width":546,"height":634,"caption":"Ch\u00e2teau de l'Islette"},"image":{"@id":"https:\/\/www.chateaudelislette.fr\/#\/schema\/logo\/image\/"},"sameAs":["https:\/\/www.facebook.com\/chateaudelislette","https:\/\/www.instagram.com\/chateaudelislette"]}]}},"jetpack_sharing_enabled":true,"ticketed":false,"_links":{"self":[{"href":"https:\/\/www.chateaudelislette.fr\/en\/wp-json\/wp\/v2\/pages\/29898","targetHints":{"allow":["GET"]}}],"collection":[{"href":"https:\/\/www.chateaudelislette.fr\/en\/wp-json\/wp\/v2\/pages"}],"about":[{"href":"https:\/\/www.chateaudelislette.fr\/en\/wp-json\/wp\/v2\/types\/page"}],"author":[{"embeddable":true,"href":"https:\/\/www.chateaudelislette.fr\/en\/wp-json\/wp\/v2\/users\/1"}],"replies":[{"embeddable":true,"href":"https:\/\/www.chateaudelislette.fr\/en\/wp-json\/wp\/v2\/comments?post=29898"}],"version-history":[{"count":0,"href":"https:\/\/www.chateaudelislette.fr\/en\/wp-json\/wp\/v2\/pages\/29898\/revisions"}],"wp:attachment":[{"href":"https:\/\/www.chateaudelislette.fr\/en\/wp-json\/wp\/v2\/media?parent=29898"}],"curies":[{"name":"wp","href":"https:\/\/api.w.org\/{rel}","templated":true}]}}