{"id":1849,"date":"2021-06-24T16:51:42","date_gmt":"2021-06-24T14:51:42","guid":{"rendered":"http:\/\/lislettetest.fr\/?page_id=1849"},"modified":"2023-06-07T19:15:34","modified_gmt":"2023-06-07T17:15:34","slug":"acces","status":"publish","type":"page","link":"https:\/\/www.chateaudelislette.fr\/en\/acces","title":{"rendered":"How to go there"},"content":{"rendered":"<div data-elementor-type=\"wp-page\" data-elementor-id=\"1849\" class=\"elementor elementor-1849\">\n\t\t\t\t\t\t<section class=\"elementor-section elementor-top-section elementor-element elementor-element-5db47172 elementor-section-full_width elementor-section-height-default elementor-section-height-default\" data-id=\"5db47172\" data-element_type=\"section\" data-settings=\"{&quot;background_background&quot;:&quot;classic&quot;}\">\n\t\t\t\t\t\t\t<div class=\"elementor-background-overlay\"><\/div>\n\t\t\t\t\t\t\t<div class=\"elementor-container elementor-column-gap-no\">\n\t\t\t\t\t<div class=\"elementor-column elementor-col-100 elementor-top-column elementor-element elementor-element-5b833d34\" data-id=\"5b833d34\" data-element_type=\"column\">\n\t\t\t<div class=\"elementor-widget-wrap elementor-element-populated\">\n\t\t\t\t\t\t<div class=\"elementor-element elementor-element-0a7821f elementor-widget elementor-widget-heading\" data-id=\"0a7821f\" data-element_type=\"widget\" data-widget_type=\"heading.default\">\n\t\t\t\t<div class=\"elementor-widget-container\">\n\t\t\t<style>\/*! elementor - v3.22.0 - 17-06-2024 *\/\n.elementor-heading-title{padding:0;margin:0;line-height:1}.elementor-widget-heading .elementor-heading-title[class*=elementor-size-]>a{color:inherit;font-size:inherit;line-height:inherit}.elementor-widget-heading .elementor-heading-title.elementor-size-small{font-size:15px}.elementor-widget-heading .elementor-heading-title.elementor-size-medium{font-size:19px}.elementor-widget-heading .elementor-heading-title.elementor-size-large{font-size:29px}.elementor-widget-heading .elementor-heading-title.elementor-size-xl{font-size:39px}.elementor-widget-heading .elementor-heading-title.elementor-size-xxl{font-size:59px}<\/style><h1 class=\"elementor-heading-title elementor-size-default\">How to go there<\/h1>\t\t<\/div>\n\t\t\t\t<\/div>\n\t\t\t\t\t<\/div>\n\t\t<\/div>\n\t\t\t\t\t<\/div>\n\t\t<\/section>\n\t\t\t\t<section class=\"elementor-section elementor-top-section elementor-element elementor-element-01c320c elementor-section-full_width elementor-section-height-default elementor-section-height-default\" data-id=\"01c320c\" data-element_type=\"section\">\n\t\t\t\t\t\t<div class=\"elementor-container elementor-column-gap-default\">\n\t\t\t\t\t<div class=\"elementor-column elementor-col-100 elementor-top-column elementor-element elementor-element-8b84721\" data-id=\"8b84721\" data-element_type=\"column\">\n\t\t\t<div class=\"elementor-widget-wrap elementor-element-populated\">\n\t\t\t\t\t\t<div class=\"elementor-element elementor-element-6c993a5 elementor-widget elementor-widget-google_maps\" data-id=\"6c993a5\" data-element_type=\"widget\" data-widget_type=\"google_maps.default\">\n\t\t\t\t<div class=\"elementor-widget-container\">\n\t\t\t<style>\/*! elementor - v3.22.0 - 17-06-2024 *\/\n.elementor-widget-google_maps .elementor-widget-container{overflow:hidden}.elementor-widget-google_maps .elementor-custom-embed{line-height:0}.elementor-widget-google_maps iframe{height:300px}<\/style>\t\t<div class=\"elementor-custom-embed\">\n\t\t\t<iframe loading=\"lazy\"\n\t\t\t\t\tsrc=\"https:\/\/maps.google.com\/maps?q=chateau%20de%20l%27islette%20azay-le-rideau%20france&#038;t=m&#038;z=10&#038;output=embed&#038;iwloc=near\"\n\t\t\t\t\ttitle=\"chateau de l&#039;islette azay-le-rideau france\"\n\t\t\t\t\taria-label=\"chateau de l&#039;islette azay-le-rideau france\"\n\t\t\t><\/iframe>\n\t\t<\/div>\n\t\t\t\t<\/div>\n\t\t\t\t<\/div>\n\t\t\t\t\t<\/div>\n\t\t<\/div>\n\t\t\t\t\t<\/div>\n\t\t<\/section>\n\t\t\t\t<section class=\"elementor-section elementor-top-section elementor-element elementor-element-f67bda5 elementor-section-boxed elementor-section-height-default elementor-section-height-default\" data-id=\"f67bda5\" data-element_type=\"section\" data-settings=\"{&quot;background_background&quot;:&quot;classic&quot;}\">\n\t\t\t\t\t\t<div class=\"elementor-container elementor-column-gap-default\">\n\t\t\t\t\t<div class=\"elementor-column elementor-col-50 elementor-top-column elementor-element elementor-element-5e48ad3\" data-id=\"5e48ad3\" data-element_type=\"column\">\n\t\t\t<div class=\"elementor-widget-wrap elementor-element-populated\">\n\t\t\t\t\t\t<div class=\"elementor-element elementor-element-14640278 elementor-widget elementor-widget-heading\" data-id=\"14640278\" data-element_type=\"widget\" data-widget_type=\"heading.default\">\n\t\t\t\t<div class=\"elementor-widget-container\">\n\t\t\t<h2 class=\"elementor-heading-title elementor-size-default\">By car<\/h2>\t\t<\/div>\n\t\t\t\t<\/div>\n\t\t\t\t<div class=\"elementor-element elementor-element-7e7b548d elementor-widget elementor-widget-text-editor\" data-id=\"7e7b548d\" data-element_type=\"widget\" data-widget_type=\"text-editor.default\">\n\t\t\t\t<div class=\"elementor-widget-container\">\n\t\t\t<style>\/*! elementor - v3.22.0 - 17-06-2024 *\/\n.elementor-widget-text-editor.elementor-drop-cap-view-stacked .elementor-drop-cap{background-color:#69727d;color:#fff}.elementor-widget-text-editor.elementor-drop-cap-view-framed .elementor-drop-cap{color:#69727d;border:3px solid;background-color:transparent}.elementor-widget-text-editor:not(.elementor-drop-cap-view-default) .elementor-drop-cap{margin-top:8px}.elementor-widget-text-editor:not(.elementor-drop-cap-view-default) .elementor-drop-cap-letter{width:1em;height:1em}.elementor-widget-text-editor .elementor-drop-cap{float:left;text-align:center;line-height:1;font-size:50px}.elementor-widget-text-editor .elementor-drop-cap-letter{display:inline-block}<\/style>\t\t\t\t<p style=\"text-align: left;\">Of <span style=\"font-weight: 500;\">Paris<\/span>, 270 km \/ 2 h 30 \u2192 A10 dir. Bordeaux, exit 24 direction. Chinon, then D751 direction. Azay-le-Rideau\/Chinon, then to Azay-le-Rideau D57 dir. Langeais<\/p><p style=\"text-align: left;\">Of <span style=\"font-weight: 500;\">Nantes<\/span>, 200 km \/ 2 h \u2192 A11 direction. Paris, then the A85 direction. Tours, exit 7 direction. Langeais, then to Langeais D57 dir. Azay-le-Rideau<\/p><p>Of <span style=\"font-weight: 500;\">Towers<\/span>, 27 km \/ 30 mins \u2192 D751 dir. Azay-le-Rideau\/Chinon, then to Azay-le-Rideau D57 dir. Langeais<\/p><p>Of <span style=\"font-weight: 500;\">Chinon<\/span>, 22 km \/ 25 mins \u2192 D751 dir. Azay-le-Rideau\/Tours, then to Azay-le-Rideau D57 dir. Langeais<\/p><p>Of <span style=\"font-weight: 500;\">Chenonceau Castle<\/span>, 56 km \/ 50 mins \u2192 Join the A85 direction. Angers, exit 9 then D751 direction. Azay-le-Rideau\/Chinon, then to Azay-le-Rideau D57 dir. Langeais<\/p><p>Of <span style=\"font-weight: 500;\">Villandry Castle<\/span>, 13 km \/ 15 mins \u2192 D7 to Ligni\u00e8res-de-Touraine, then D57 direction. Azay-le-Rideau<\/p><p>Of <span style=\"font-weight: 500;\">Langeais castle<\/span>, 8 km \/ 10 mins \u2192 D57 dir. Azay-le-Rideau<\/p><p>Of <span style=\"font-weight: 500;\">Uss\u00e9 castle<\/span>, 15 km \/ 20 mins \u2192 D7 dir. Ligni\u00e8res-de-Touraine, then D120 and D57 direction. Azay-le-Rideau<\/p>\t\t\t\t\t\t<\/div>\n\t\t\t\t<\/div>\n\t\t\t\t\t<\/div>\n\t\t<\/div>\n\t\t\t\t<div class=\"elementor-column elementor-col-50 elementor-top-column elementor-element elementor-element-0bcae14\" data-id=\"0bcae14\" data-element_type=\"column\">\n\t\t\t<div class=\"elementor-widget-wrap elementor-element-populated\">\n\t\t\t\t\t\t<div class=\"elementor-element elementor-element-78f2eda elementor-widget elementor-widget-heading\" data-id=\"78f2eda\" data-element_type=\"widget\" data-widget_type=\"heading.default\">\n\t\t\t\t<div class=\"elementor-widget-container\">\n\t\t\t<h2 class=\"elementor-heading-title elementor-size-default\">By train<\/h2>\t\t<\/div>\n\t\t\t\t<\/div>\n\t\t\t\t<div class=\"elementor-element elementor-element-6b43709 elementor-widget elementor-widget-text-editor\" data-id=\"6b43709\" data-element_type=\"widget\" data-widget_type=\"text-editor.default\">\n\t\t\t\t<div class=\"elementor-widget-container\">\n\t\t\t\t\t\t\t<p style=\"text-align: left;\">Azay-le-Rideau train station is only 1 km from l'Islette.\nSeveral trains from and to Tours (30 mn journey) serve it daily.<\/p>\nFor train times, visit the SNCF website:\u00a0<a href=\"https:\/\/www.oui.sncf\/\" target=\"_blank\" rel=\"noopener\" class=\"islettelink\">www.sncf-connect.com<\/a>\t\t\t\t\t\t<\/div>\n\t\t\t\t<\/div>\n\t\t\t\t<div class=\"elementor-element elementor-element-1a0b332 elementor-widget elementor-widget-heading\" data-id=\"1a0b332\" data-element_type=\"widget\" data-widget_type=\"heading.default\">\n\t\t\t\t<div class=\"elementor-widget-container\">\n\t\t\t<h2 class=\"elementor-heading-title elementor-size-default\">By bike<\/h2>\t\t<\/div>\n\t\t\t\t<\/div>\n\t\t\t\t<div class=\"elementor-element elementor-element-cf3f8f9 elementor-widget elementor-widget-text-editor\" data-id=\"cf3f8f9\" data-element_type=\"widget\" data-widget_type=\"text-editor.default\">\n\t\t\t\t<div class=\"elementor-widget-container\">\n\t\t\t\t\t\t\t<p style=\"text-align: left;\">L&#039;Islette is located on the \u201cLa Loire \u00e0 V\u00e9lo\u201d and \u201cL&#039;Indre \u00e0 V\u00e9lo\u201d routes. For more information, visit the sites <a href=\"http:\/\/www.loireavelo.fr\/\" target=\"_blank\" rel=\"noopener\" class=\"islettelink\">www.loireavelo.fr<\/a> and <a href=\"https:\/\/www.indreavelo.fr\" class=\"islettelink\">www.indreavelo.fr<\/a><\/p>\t\t\t\t\t\t<\/div>\n\t\t\t\t<\/div>\n\t\t\t\t<div class=\"elementor-element elementor-element-f7cad26 elementor-widget elementor-widget-heading\" data-id=\"f7cad26\" data-element_type=\"widget\" data-widget_type=\"heading.default\">\n\t\t\t\t<div class=\"elementor-widget-container\">\n\t\t\t<h2 class=\"elementor-heading-title elementor-size-default\">Address<\/h2>\t\t<\/div>\n\t\t\t\t<\/div>\n\t\t\t\t<div class=\"elementor-element elementor-element-0a62667 elementor-widget elementor-widget-text-editor\" data-id=\"0a62667\" data-element_type=\"widget\" data-widget_type=\"text-editor.default\">\n\t\t\t\t<div class=\"elementor-widget-container\">\n\t\t\t\t\t\t\t<p style=\"text-align: left;\">9, route de Langeais<br \/>37190 Azay-le-Rideau<\/p><p>GPS: 47.2683731 \u2013 0.43517900<\/p>\t\t\t\t\t\t<\/div>\n\t\t\t\t<\/div>\n\t\t\t\t\t<\/div>\n\t\t<\/div>\n\t\t\t\t\t<\/div>\n\t\t<\/section>\n\t\t\t\t<\/div>","protected":false},"excerpt":{"rendered":"<p>Access By car From Paris, 270 km \/ 2 h 30 \u2192 A10 towards Bordeaux, exit 24 towards Chinon, then D751 towards Azay-le-Rideau\/Chinon, then at Azay-le-Rideau D57 towards Langeais From Nantes, [\u2026]<\/p>","protected":false},"author":1,"featured_media":0,"parent":0,"menu_order":0,"comment_status":"closed","ping_status":"closed","template":"","meta":{"site-sidebar-layout":"no-sidebar","site-content-layout":"page-builder","ast-site-content-layout":"","site-content-style":"default","site-sidebar-style":"default","ast-global-header-display":"","ast-banner-title-visibility":"","ast-main-header-display":"","ast-hfb-above-header-display":"","ast-hfb-below-header-display":"","ast-hfb-mobile-header-display":"","site-post-title":"disabled","ast-breadcrumbs-content":"","ast-featured-img":"disabled","footer-sml-layout":"","theme-transparent-header-meta":"default","adv-header-id-meta":"","stick-header-meta":"","header-above-stick-meta":"","header-main-stick-meta":"","header-below-stick-meta":"","astra-migrate-meta-layouts":"default","ast-page-background-enabled":"default","ast-page-background-meta":{"desktop":{"background-color":"","background-image":"","background-repeat":"repeat","background-position":"center center","background-size":"auto","background-attachment":"scroll","background-type":"","background-media":"","overlay-type":"","overlay-color":"","overlay-gradient":""},"tablet":{"background-color":"","background-image":"","background-repeat":"repeat","background-position":"center center","background-size":"auto","background-attachment":"scroll","background-type":"","background-media":"","overlay-type":"","overlay-color":"","overlay-gradient":""},"mobile":{"background-color":"","background-image":"","background-repeat":"repeat","background-position":"center center","background-size":"auto","background-attachment":"scroll","background-type":"","background-media":"","overlay-type":"","overlay-color":"","overlay-gradient":""}},"ast-content-background-meta":{"desktop":{"background-color":"var(--ast-global-color-5)","background-image":"","background-repeat":"repeat","background-position":"center center","background-size":"auto","background-attachment":"scroll","background-type":"","background-media":"","overlay-type":"","overlay-color":"","overlay-gradient":""},"tablet":{"background-color":"var(--ast-global-color-5)","background-image":"","background-repeat":"repeat","background-position":"center center","background-size":"auto","background-attachment":"scroll","background-type":"","background-media":"","overlay-type":"","overlay-color":"","overlay-gradient":""},"mobile":{"background-color":"var(--ast-global-color-5)","background-image":"","background-repeat":"repeat","background-position":"center center","background-size":"auto","background-attachment":"scroll","background-type":"","background-media":"","overlay-type":"","overlay-color":"","overlay-gradient":""}},"_price":"","_stock":"","_tribe_ticket_header":"","_tribe_default_ticket_provider":"","_tribe_ticket_capacity":"0","_ticket_start_date":"","_ticket_end_date":"","_tribe_ticket_show_description":"","_tribe_ticket_show_not_going":false,"_tribe_ticket_use_global_stock":"","_tribe_ticket_global_stock_level":"","_global_stock_mode":"","_global_stock_cap":"","_tribe_rsvp_for_event":"","_tribe_ticket_going_count":"","_tribe_ticket_not_going_count":"","_tribe_tickets_list":"[]","_tribe_ticket_has_attendee_info_fields":false,"footnotes":"","_tec_slr_enabled":"","_tec_slr_layout":""},"class_list":["post-1849","page","type-page","status-publish","hentry"],"yoast_head":"<!-- This site is optimized with the Yoast SEO plugin v25.6 - https:\/\/yoast.com\/wordpress\/plugins\/seo\/ -->\n<title>Acc\u00e8s - Ch\u00e2teau de l&#039;Islette<\/title>\n<meta name=\"description\" content=\"Comment se rendre au ch\u00e2teau de l&#039;Islette\" \/>\n<meta name=\"robots\" content=\"index, follow, max-snippet:-1, max-image-preview:large, max-video-preview:-1\" \/>\n<link rel=\"canonical\" href=\"https:\/\/www.chateaudelislette.fr\/en\/acces\/\" \/>\n<meta property=\"og:locale\" content=\"en_US\" \/>\n<meta property=\"og:type\" content=\"article\" \/>\n<meta property=\"og:title\" content=\"Acc\u00e8s - Ch\u00e2teau de l&#039;Islette\" \/>\n<meta property=\"og:description\" content=\"Comment se rendre au ch\u00e2teau de l&#039;Islette\" \/>\n<meta property=\"og:url\" content=\"https:\/\/www.chateaudelislette.fr\/en\/acces\/\" \/>\n<meta property=\"og:site_name\" content=\"Ch\u00e2teau de l&#039;Islette\" \/>\n<meta property=\"article:publisher\" content=\"https:\/\/www.facebook.com\/chateaudelislette\" \/>\n<meta property=\"article:modified_time\" content=\"2023-06-07T17:15:34+00:00\" \/>\n<meta name=\"twitter:card\" content=\"summary_large_image\" \/>\n<meta name=\"twitter:label1\" content=\"Est. reading time\" \/>\n\t<meta name=\"twitter:data1\" content=\"2 minutes\" \/>\n<script type=\"application\/ld+json\" class=\"yoast-schema-graph\">{\"@context\":\"https:\/\/schema.org\",\"@graph\":[{\"@type\":\"WebPage\",\"@id\":\"https:\/\/www.chateaudelislette.fr\/acces\",\"url\":\"https:\/\/www.chateaudelislette.fr\/acces\",\"name\":\"Acc\u00e8s - Ch\u00e2teau de l&#039;Islette\",\"isPartOf\":{\"@id\":\"https:\/\/www.chateaudelislette.fr\/#website\"},\"datePublished\":\"2021-06-24T14:51:42+00:00\",\"dateModified\":\"2023-06-07T17:15:34+00:00\",\"description\":\"Comment se rendre au ch\u00e2teau de l'Islette\",\"breadcrumb\":{\"@id\":\"https:\/\/www.chateaudelislette.fr\/acces#breadcrumb\"},\"inLanguage\":\"en-US\",\"potentialAction\":[{\"@type\":\"ReadAction\",\"target\":[\"https:\/\/www.chateaudelislette.fr\/acces\"]}]},{\"@type\":\"BreadcrumbList\",\"@id\":\"https:\/\/www.chateaudelislette.fr\/acces#breadcrumb\",\"itemListElement\":[{\"@type\":\"ListItem\",\"position\":1,\"name\":\"Accueil\",\"item\":\"https:\/\/www.chateaudelislette.fr\/\"},{\"@type\":\"ListItem\",\"position\":2,\"name\":\"Acc\u00e8s\"}]},{\"@type\":\"WebSite\",\"@id\":\"https:\/\/www.chateaudelislette.fr\/#website\",\"url\":\"https:\/\/www.chateaudelislette.fr\/\",\"name\":\"Ch\u00e2teau de l'Islette\",\"description\":\"Le ch\u00e2teau des amours de Camille Claudel et Rodin\",\"publisher\":{\"@id\":\"https:\/\/www.chateaudelislette.fr\/#organization\"},\"potentialAction\":[{\"@type\":\"SearchAction\",\"target\":{\"@type\":\"EntryPoint\",\"urlTemplate\":\"https:\/\/www.chateaudelislette.fr\/?s={search_term_string}\"},\"query-input\":{\"@type\":\"PropertyValueSpecification\",\"valueRequired\":true,\"valueName\":\"search_term_string\"}}],\"inLanguage\":\"en-US\"},{\"@type\":\"Organization\",\"@id\":\"https:\/\/www.chateaudelislette.fr\/#organization\",\"name\":\"Ch\u00e2teau de l'Islette\",\"url\":\"https:\/\/www.chateaudelislette.fr\/\",\"logo\":{\"@type\":\"ImageObject\",\"inLanguage\":\"en-US\",\"@id\":\"https:\/\/www.chateaudelislette.fr\/#\/schema\/logo\/image\/\",\"url\":\"https:\/\/www.chateaudelislette.fr\/wp-content\/uploads\/2023\/06\/Logo-Islette.png\",\"contentUrl\":\"https:\/\/www.chateaudelislette.fr\/wp-content\/uploads\/2023\/06\/Logo-Islette.png\",\"width\":546,\"height\":634,\"caption\":\"Ch\u00e2teau de l'Islette\"},\"image\":{\"@id\":\"https:\/\/www.chateaudelislette.fr\/#\/schema\/logo\/image\/\"},\"sameAs\":[\"https:\/\/www.facebook.com\/chateaudelislette\",\"https:\/\/www.instagram.com\/chateaudelislette\"]}]}<\/script>\n<!-- \/ Yoast SEO plugin. -->","yoast_head_json":{"title":"Acc\u00e8s - Ch\u00e2teau de l&#039;Islette","description":"Comment se rendre au ch\u00e2teau de l'Islette","robots":{"index":"index","follow":"follow","max-snippet":"max-snippet:-1","max-image-preview":"max-image-preview:large","max-video-preview":"max-video-preview:-1"},"canonical":"https:\/\/www.chateaudelislette.fr\/en\/acces\/","og_locale":"en_US","og_type":"article","og_title":"Acc\u00e8s - Ch\u00e2teau de l&#039;Islette","og_description":"Comment se rendre au ch\u00e2teau de l'Islette","og_url":"https:\/\/www.chateaudelislette.fr\/en\/acces\/","og_site_name":"Ch\u00e2teau de l&#039;Islette","article_publisher":"https:\/\/www.facebook.com\/chateaudelislette","article_modified_time":"2023-06-07T17:15:34+00:00","twitter_card":"summary_large_image","twitter_misc":{"Est. reading time":"2 minutes"},"schema":{"@context":"https:\/\/schema.org","@graph":[{"@type":"WebPage","@id":"https:\/\/www.chateaudelislette.fr\/acces","url":"https:\/\/www.chateaudelislette.fr\/acces","name":"Acc\u00e8s - Ch\u00e2teau de l&#039;Islette","isPartOf":{"@id":"https:\/\/www.chateaudelislette.fr\/#website"},"datePublished":"2021-06-24T14:51:42+00:00","dateModified":"2023-06-07T17:15:34+00:00","description":"Comment se rendre au ch\u00e2teau de l'Islette","breadcrumb":{"@id":"https:\/\/www.chateaudelislette.fr\/acces#breadcrumb"},"inLanguage":"en-US","potentialAction":[{"@type":"ReadAction","target":["https:\/\/www.chateaudelislette.fr\/acces"]}]},{"@type":"BreadcrumbList","@id":"https:\/\/www.chateaudelislette.fr\/acces#breadcrumb","itemListElement":[{"@type":"ListItem","position":1,"name":"Accueil","item":"https:\/\/www.chateaudelislette.fr\/"},{"@type":"ListItem","position":2,"name":"Acc\u00e8s"}]},{"@type":"WebSite","@id":"https:\/\/www.chateaudelislette.fr\/#website","url":"https:\/\/www.chateaudelislette.fr\/","name":"Ch\u00e2teau de l&#039;Islette","description":"The love castle of Camille Claudel and Rodin","publisher":{"@id":"https:\/\/www.chateaudelislette.fr\/#organization"},"potentialAction":[{"@type":"SearchAction","target":{"@type":"EntryPoint","urlTemplate":"https:\/\/www.chateaudelislette.fr\/?s={search_term_string}"},"query-input":{"@type":"PropertyValueSpecification","valueRequired":true,"valueName":"search_term_string"}}],"inLanguage":"en-US"},{"@type":"Organization","@id":"https:\/\/www.chateaudelislette.fr\/#organization","name":"Ch\u00e2teau de l&#039;Islette","url":"https:\/\/www.chateaudelislette.fr\/","logo":{"@type":"ImageObject","inLanguage":"en-US","@id":"https:\/\/www.chateaudelislette.fr\/#\/schema\/logo\/image\/","url":"https:\/\/www.chateaudelislette.fr\/wp-content\/uploads\/2023\/06\/Logo-Islette.png","contentUrl":"https:\/\/www.chateaudelislette.fr\/wp-content\/uploads\/2023\/06\/Logo-Islette.png","width":546,"height":634,"caption":"Ch\u00e2teau de l'Islette"},"image":{"@id":"https:\/\/www.chateaudelislette.fr\/#\/schema\/logo\/image\/"},"sameAs":["https:\/\/www.facebook.com\/chateaudelislette","https:\/\/www.instagram.com\/chateaudelislette"]}]}},"jetpack_sharing_enabled":true,"ticketed":false,"_links":{"self":[{"href":"https:\/\/www.chateaudelislette.fr\/en\/wp-json\/wp\/v2\/pages\/1849","targetHints":{"allow":["GET"]}}],"collection":[{"href":"https:\/\/www.chateaudelislette.fr\/en\/wp-json\/wp\/v2\/pages"}],"about":[{"href":"https:\/\/www.chateaudelislette.fr\/en\/wp-json\/wp\/v2\/types\/page"}],"author":[{"embeddable":true,"href":"https:\/\/www.chateaudelislette.fr\/en\/wp-json\/wp\/v2\/users\/1"}],"replies":[{"embeddable":true,"href":"https:\/\/www.chateaudelislette.fr\/en\/wp-json\/wp\/v2\/comments?post=1849"}],"version-history":[{"count":0,"href":"https:\/\/www.chateaudelislette.fr\/en\/wp-json\/wp\/v2\/pages\/1849\/revisions"}],"wp:attachment":[{"href":"https:\/\/www.chateaudelislette.fr\/en\/wp-json\/wp\/v2\/media?parent=1849"}],"curies":[{"name":"wp","href":"https:\/\/api.w.org\/{rel}","templated":true}]}}