{"id":16754,"date":"2024-03-20T17:31:02","date_gmt":"2024-03-20T16:31:02","guid":{"rendered":"https:\/\/www.chateaudelislette.fr\/?page_id=16754"},"modified":"2025-04-09T15:29:23","modified_gmt":"2025-04-09T13:29:23","slug":"chasse-fantastique","status":"publish","type":"page","link":"https:\/\/www.chateaudelislette.fr\/en\/chasse-fantastique","title":{"rendered":"Fantastic Hunt"},"content":{"rendered":"<div data-elementor-type=\"wp-page\" data-elementor-id=\"16754\" class=\"elementor elementor-16754\">\n\t\t\t\t\t\t<section class=\"elementor-section elementor-top-section elementor-element elementor-element-3585a32 elementor-section-boxed elementor-section-height-default elementor-section-height-default\" data-id=\"3585a32\" data-element_type=\"section\" data-settings=\"{&quot;background_background&quot;:&quot;classic&quot;}\">\n\t\t\t\t\t\t<div class=\"elementor-container elementor-column-gap-default\">\n\t\t\t\t\t<div class=\"elementor-column elementor-col-100 elementor-top-column elementor-element elementor-element-0b1fe6b\" data-id=\"0b1fe6b\" data-element_type=\"column\">\n\t\t\t<div class=\"elementor-widget-wrap elementor-element-populated\">\n\t\t\t\t\t\t<div class=\"elementor-element elementor-element-c7cd32c elementor-widget elementor-widget-heading\" data-id=\"c7cd32c\" data-element_type=\"widget\" data-widget_type=\"heading.default\">\n\t\t\t\t<div class=\"elementor-widget-container\">\n\t\t\t<style>\/*! elementor - v3.22.0 - 17-06-2024 *\/\n.elementor-heading-title{padding:0;margin:0;line-height:1}.elementor-widget-heading .elementor-heading-title[class*=elementor-size-]>a{color:inherit;font-size:inherit;line-height:inherit}.elementor-widget-heading .elementor-heading-title.elementor-size-small{font-size:15px}.elementor-widget-heading .elementor-heading-title.elementor-size-medium{font-size:19px}.elementor-widget-heading .elementor-heading-title.elementor-size-large{font-size:29px}.elementor-widget-heading .elementor-heading-title.elementor-size-xl{font-size:39px}.elementor-widget-heading .elementor-heading-title.elementor-size-xxl{font-size:59px}<\/style><h2 class=\"elementor-heading-title elementor-size-default\">Season 2024<\/h2>\t\t<\/div>\n\t\t\t\t<\/div>\n\t\t\t\t<div class=\"elementor-element elementor-element-1ab69e0 elementor-widget elementor-widget-image\" data-id=\"1ab69e0\" data-element_type=\"widget\" data-widget_type=\"image.default\">\n\t\t\t\t<div class=\"elementor-widget-container\">\n\t\t\t<style>\/*! elementor - v3.22.0 - 17-06-2024 *\/\n.elementor-widget-image{text-align:center}.elementor-widget-image a{display:inline-block}.elementor-widget-image a img[src$=\".svg\"]{width:48px}.elementor-widget-image img{vertical-align:middle;display:inline-block}<\/style>\t\t\t\t\t\t\t\t\t\t<img fetchpriority=\"high\" decoding=\"async\" width=\"1016\" height=\"1016\" src=\"https:\/\/www.chateaudelislette.fr\/wp-content\/uploads\/2024\/05\/Capture-decran-2024-05-06-a-16.03.34.png\" class=\"attachment-full size-full wp-image-17437\" alt=\"\" srcset=\"https:\/\/www.chateaudelislette.fr\/wp-content\/uploads\/2024\/05\/Capture-decran-2024-05-06-a-16.03.34.png 1016w, https:\/\/www.chateaudelislette.fr\/wp-content\/uploads\/2024\/05\/Capture-decran-2024-05-06-a-16.03.34-300x300.png 300w, https:\/\/www.chateaudelislette.fr\/wp-content\/uploads\/2024\/05\/Capture-decran-2024-05-06-a-16.03.34-150x150.png 150w, https:\/\/www.chateaudelislette.fr\/wp-content\/uploads\/2024\/05\/Capture-decran-2024-05-06-a-16.03.34-768x768.png 768w, https:\/\/www.chateaudelislette.fr\/wp-content\/uploads\/2024\/05\/Capture-decran-2024-05-06-a-16.03.34-12x12.png 12w, https:\/\/www.chateaudelislette.fr\/wp-content\/uploads\/2024\/05\/Capture-decran-2024-05-06-a-16.03.34-600x600.png 600w, https:\/\/www.chateaudelislette.fr\/wp-content\/uploads\/2024\/05\/Capture-decran-2024-05-06-a-16.03.34-100x100.png 100w\" sizes=\"(max-width: 1016px) 100vw, 1016px\" \/>\t\t\t\t\t\t\t\t\t\t\t\t\t<\/div>\n\t\t\t\t<\/div>\n\t\t\t\t<div class=\"elementor-element elementor-element-3fcc83a elementor-widget__width-initial elementor-widget-tablet__width-inherit elementor-widget elementor-widget-text-editor\" data-id=\"3fcc83a\" data-element_type=\"widget\" data-widget_type=\"text-editor.default\">\n\t\t\t\t<div class=\"elementor-widget-container\">\n\t\t\t<style>\/*! elementor - v3.22.0 - 17-06-2024 *\/\n.elementor-widget-text-editor.elementor-drop-cap-view-stacked .elementor-drop-cap{background-color:#69727d;color:#fff}.elementor-widget-text-editor.elementor-drop-cap-view-framed .elementor-drop-cap{color:#69727d;border:3px solid;background-color:transparent}.elementor-widget-text-editor:not(.elementor-drop-cap-view-default) .elementor-drop-cap{margin-top:8px}.elementor-widget-text-editor:not(.elementor-drop-cap-view-default) .elementor-drop-cap-letter{width:1em;height:1em}.elementor-widget-text-editor .elementor-drop-cap{float:left;text-align:center;line-height:1;font-size:50px}.elementor-widget-text-editor .elementor-drop-cap-letter{display:inline-block}<\/style>\t\t\t\t<p>Complete your visit by adding a touch of relaxation with a picnic and enjoy our many activities for the whole family:<\/p><ul><li>Outdoor escape game,<\/li><li>Game booklets and punch trails for children,<\/li><li>Loan of knight and princess costumes to children<\/li><\/ul><p>For an even more fun experience, we offer many\u00a0<strong>wooden games on loan<\/strong>\u00a0: Giant Dominoes, Giant Mikado, M\u00f6lkky, Giant Morpion\u2026<\/p><p>And discover our brand new family adventure, <strong>The Fantasy Hunt<\/strong>\u00a0! Accessible from 8 years old, this is an experience not to be missed! \ud83c\udf89\u00a0<\/p>\t\t\t\t\t\t<\/div>\n\t\t\t\t<\/div>\n\t\t\t\t\t<\/div>\n\t\t<\/div>\n\t\t\t\t\t<\/div>\n\t\t<\/section>\n\t\t\t\t<\/div>","protected":false},"excerpt":{"rendered":"<p>2024 Season Complete your visit by adding a touch of relaxation with a picnic and enjoy our many activities for the whole family: Outdoor escape game, Game booklets and trails of [\u2026]<\/p>","protected":false},"author":1,"featured_media":0,"parent":0,"menu_order":0,"comment_status":"closed","ping_status":"closed","template":"","meta":{"site-sidebar-layout":"no-sidebar","site-content-layout":"page-builder","ast-site-content-layout":"full-width-container","site-content-style":"default","site-sidebar-style":"default","ast-global-header-display":"","ast-banner-title-visibility":"","ast-main-header-display":"","ast-hfb-above-header-display":"","ast-hfb-below-header-display":"","ast-hfb-mobile-header-display":"","site-post-title":"disabled","ast-breadcrumbs-content":"","ast-featured-img":"disabled","footer-sml-layout":"","theme-transparent-header-meta":"","adv-header-id-meta":"","stick-header-meta":"","header-above-stick-meta":"","header-main-stick-meta":"","header-below-stick-meta":"","astra-migrate-meta-layouts":"set","ast-page-background-enabled":"default","ast-page-background-meta":{"desktop":{"background-color":"","background-image":"","background-repeat":"repeat","background-position":"center center","background-size":"auto","background-attachment":"scroll","background-type":"","background-media":"","overlay-type":"","overlay-color":"","overlay-gradient":""},"tablet":{"background-color":"","background-image":"","background-repeat":"repeat","background-position":"center center","background-size":"auto","background-attachment":"scroll","background-type":"","background-media":"","overlay-type":"","overlay-color":"","overlay-gradient":""},"mobile":{"background-color":"","background-image":"","background-repeat":"repeat","background-position":"center center","background-size":"auto","background-attachment":"scroll","background-type":"","background-media":"","overlay-type":"","overlay-color":"","overlay-gradient":""}},"ast-content-background-meta":{"desktop":{"background-color":"var(--ast-global-color-5)","background-image":"","background-repeat":"repeat","background-position":"center center","background-size":"auto","background-attachment":"scroll","background-type":"","background-media":"","overlay-type":"","overlay-color":"","overlay-gradient":""},"tablet":{"background-color":"var(--ast-global-color-5)","background-image":"","background-repeat":"repeat","background-position":"center center","background-size":"auto","background-attachment":"scroll","background-type":"","background-media":"","overlay-type":"","overlay-color":"","overlay-gradient":""},"mobile":{"background-color":"var(--ast-global-color-5)","background-image":"","background-repeat":"repeat","background-position":"center center","background-size":"auto","background-attachment":"scroll","background-type":"","background-media":"","overlay-type":"","overlay-color":"","overlay-gradient":""}},"_price":"","_stock":"","_tribe_ticket_header":"","_tribe_default_ticket_provider":"","_tribe_ticket_capacity":"0","_ticket_start_date":"","_ticket_end_date":"","_tribe_ticket_show_description":"","_tribe_ticket_show_not_going":false,"_tribe_ticket_use_global_stock":"","_tribe_ticket_global_stock_level":"","_global_stock_mode":"","_global_stock_cap":"","_tribe_rsvp_for_event":"","_tribe_ticket_going_count":"","_tribe_ticket_not_going_count":"","_tribe_tickets_list":"[]","_tribe_ticket_has_attendee_info_fields":false,"footnotes":"","_tec_slr_enabled":"","_tec_slr_layout":""},"class_list":["post-16754","page","type-page","status-publish","hentry"],"yoast_head":"<!-- This site is optimized with the Yoast SEO plugin v25.6 - https:\/\/yoast.com\/wordpress\/plugins\/seo\/ -->\n<title>Chasse fantastique - Ch\u00e2teau de l&#039;Islette<\/title>\n<meta name=\"robots\" content=\"index, follow, max-snippet:-1, max-image-preview:large, max-video-preview:-1\" \/>\n<link rel=\"canonical\" href=\"https:\/\/www.chateaudelislette.fr\/en\/chasse-fantastique\/\" \/>\n<meta property=\"og:locale\" content=\"en_US\" \/>\n<meta property=\"og:type\" content=\"article\" \/>\n<meta property=\"og:title\" content=\"Chasse fantastique - Ch\u00e2teau de l&#039;Islette\" \/>\n<meta property=\"og:description\" content=\"Saison 2024 Compl\u00e9tez votre visite en ajoutant une touche de d\u00e9tente avec un\u00a0pique-nique\u00a0et profitez de nos nombreuses\u00a0activit\u00e9s pour toute la famille\u00a0: Escape game outdoor, Livrets de jeux et parcours des [&hellip;]\" \/>\n<meta property=\"og:url\" content=\"https:\/\/www.chateaudelislette.fr\/en\/chasse-fantastique\/\" \/>\n<meta property=\"og:site_name\" content=\"Ch\u00e2teau de l&#039;Islette\" \/>\n<meta property=\"article:publisher\" content=\"https:\/\/www.facebook.com\/chateaudelislette\" \/>\n<meta property=\"article:modified_time\" content=\"2025-04-09T13:29:23+00:00\" \/>\n<meta property=\"og:image\" content=\"https:\/\/www.chateaudelislette.fr\/wp-content\/uploads\/2024\/05\/Capture-decran-2024-05-06-a-16.03.34.png\" \/>\n<meta name=\"twitter:card\" content=\"summary_large_image\" \/>\n<meta name=\"twitter:label1\" content=\"Est. reading time\" \/>\n\t<meta name=\"twitter:data1\" content=\"1 minute\" \/>\n<script type=\"application\/ld+json\" class=\"yoast-schema-graph\">{\"@context\":\"https:\/\/schema.org\",\"@graph\":[{\"@type\":\"WebPage\",\"@id\":\"https:\/\/www.chateaudelislette.fr\/chasse-fantastique\",\"url\":\"https:\/\/www.chateaudelislette.fr\/chasse-fantastique\",\"name\":\"Chasse fantastique - Ch\u00e2teau de l&#039;Islette\",\"isPartOf\":{\"@id\":\"https:\/\/www.chateaudelislette.fr\/#website\"},\"primaryImageOfPage\":{\"@id\":\"https:\/\/www.chateaudelislette.fr\/chasse-fantastique#primaryimage\"},\"image\":{\"@id\":\"https:\/\/www.chateaudelislette.fr\/chasse-fantastique#primaryimage\"},\"thumbnailUrl\":\"https:\/\/www.chateaudelislette.fr\/wp-content\/uploads\/2024\/05\/Capture-decran-2024-05-06-a-16.03.34.png\",\"datePublished\":\"2024-03-20T16:31:02+00:00\",\"dateModified\":\"2025-04-09T13:29:23+00:00\",\"breadcrumb\":{\"@id\":\"https:\/\/www.chateaudelislette.fr\/chasse-fantastique#breadcrumb\"},\"inLanguage\":\"en-US\",\"potentialAction\":[{\"@type\":\"ReadAction\",\"target\":[\"https:\/\/www.chateaudelislette.fr\/chasse-fantastique\"]}]},{\"@type\":\"ImageObject\",\"inLanguage\":\"en-US\",\"@id\":\"https:\/\/www.chateaudelislette.fr\/chasse-fantastique#primaryimage\",\"url\":\"https:\/\/www.chateaudelislette.fr\/wp-content\/uploads\/2024\/05\/Capture-decran-2024-05-06-a-16.03.34.png\",\"contentUrl\":\"https:\/\/www.chateaudelislette.fr\/wp-content\/uploads\/2024\/05\/Capture-decran-2024-05-06-a-16.03.34.png\"},{\"@type\":\"BreadcrumbList\",\"@id\":\"https:\/\/www.chateaudelislette.fr\/chasse-fantastique#breadcrumb\",\"itemListElement\":[{\"@type\":\"ListItem\",\"position\":1,\"name\":\"Accueil\",\"item\":\"https:\/\/www.chateaudelislette.fr\/\"},{\"@type\":\"ListItem\",\"position\":2,\"name\":\"Chasse fantastique\"}]},{\"@type\":\"WebSite\",\"@id\":\"https:\/\/www.chateaudelislette.fr\/#website\",\"url\":\"https:\/\/www.chateaudelislette.fr\/\",\"name\":\"Ch\u00e2teau de l'Islette\",\"description\":\"Le ch\u00e2teau des amours de Camille Claudel et Rodin\",\"publisher\":{\"@id\":\"https:\/\/www.chateaudelislette.fr\/#organization\"},\"potentialAction\":[{\"@type\":\"SearchAction\",\"target\":{\"@type\":\"EntryPoint\",\"urlTemplate\":\"https:\/\/www.chateaudelislette.fr\/?s={search_term_string}\"},\"query-input\":{\"@type\":\"PropertyValueSpecification\",\"valueRequired\":true,\"valueName\":\"search_term_string\"}}],\"inLanguage\":\"en-US\"},{\"@type\":\"Organization\",\"@id\":\"https:\/\/www.chateaudelislette.fr\/#organization\",\"name\":\"Ch\u00e2teau de l'Islette\",\"url\":\"https:\/\/www.chateaudelislette.fr\/\",\"logo\":{\"@type\":\"ImageObject\",\"inLanguage\":\"en-US\",\"@id\":\"https:\/\/www.chateaudelislette.fr\/#\/schema\/logo\/image\/\",\"url\":\"https:\/\/www.chateaudelislette.fr\/wp-content\/uploads\/2023\/06\/Logo-Islette.png\",\"contentUrl\":\"https:\/\/www.chateaudelislette.fr\/wp-content\/uploads\/2023\/06\/Logo-Islette.png\",\"width\":546,\"height\":634,\"caption\":\"Ch\u00e2teau de l'Islette\"},\"image\":{\"@id\":\"https:\/\/www.chateaudelislette.fr\/#\/schema\/logo\/image\/\"},\"sameAs\":[\"https:\/\/www.facebook.com\/chateaudelislette\",\"https:\/\/www.instagram.com\/chateaudelislette\"]}]}<\/script>\n<!-- \/ Yoast SEO plugin. -->","yoast_head_json":{"title":"Chasse fantastique - Ch\u00e2teau de l&#039;Islette","robots":{"index":"index","follow":"follow","max-snippet":"max-snippet:-1","max-image-preview":"max-image-preview:large","max-video-preview":"max-video-preview:-1"},"canonical":"https:\/\/www.chateaudelislette.fr\/en\/chasse-fantastique\/","og_locale":"en_US","og_type":"article","og_title":"Chasse fantastique - Ch\u00e2teau de l&#039;Islette","og_description":"Saison 2024 Compl\u00e9tez votre visite en ajoutant une touche de d\u00e9tente avec un\u00a0pique-nique\u00a0et profitez de nos nombreuses\u00a0activit\u00e9s pour toute la famille\u00a0: Escape game outdoor, Livrets de jeux et parcours des [&hellip;]","og_url":"https:\/\/www.chateaudelislette.fr\/en\/chasse-fantastique\/","og_site_name":"Ch\u00e2teau de l&#039;Islette","article_publisher":"https:\/\/www.facebook.com\/chateaudelislette","article_modified_time":"2025-04-09T13:29:23+00:00","og_image":[{"url":"https:\/\/www.chateaudelislette.fr\/wp-content\/uploads\/2024\/05\/Capture-decran-2024-05-06-a-16.03.34.png","type":"","width":"","height":""}],"twitter_card":"summary_large_image","twitter_misc":{"Est. reading time":"1 minute"},"schema":{"@context":"https:\/\/schema.org","@graph":[{"@type":"WebPage","@id":"https:\/\/www.chateaudelislette.fr\/chasse-fantastique","url":"https:\/\/www.chateaudelislette.fr\/chasse-fantastique","name":"Chasse fantastique - Ch\u00e2teau de l&#039;Islette","isPartOf":{"@id":"https:\/\/www.chateaudelislette.fr\/#website"},"primaryImageOfPage":{"@id":"https:\/\/www.chateaudelislette.fr\/chasse-fantastique#primaryimage"},"image":{"@id":"https:\/\/www.chateaudelislette.fr\/chasse-fantastique#primaryimage"},"thumbnailUrl":"https:\/\/www.chateaudelislette.fr\/wp-content\/uploads\/2024\/05\/Capture-decran-2024-05-06-a-16.03.34.png","datePublished":"2024-03-20T16:31:02+00:00","dateModified":"2025-04-09T13:29:23+00:00","breadcrumb":{"@id":"https:\/\/www.chateaudelislette.fr\/chasse-fantastique#breadcrumb"},"inLanguage":"en-US","potentialAction":[{"@type":"ReadAction","target":["https:\/\/www.chateaudelislette.fr\/chasse-fantastique"]}]},{"@type":"ImageObject","inLanguage":"en-US","@id":"https:\/\/www.chateaudelislette.fr\/chasse-fantastique#primaryimage","url":"https:\/\/www.chateaudelislette.fr\/wp-content\/uploads\/2024\/05\/Capture-decran-2024-05-06-a-16.03.34.png","contentUrl":"https:\/\/www.chateaudelislette.fr\/wp-content\/uploads\/2024\/05\/Capture-decran-2024-05-06-a-16.03.34.png"},{"@type":"BreadcrumbList","@id":"https:\/\/www.chateaudelislette.fr\/chasse-fantastique#breadcrumb","itemListElement":[{"@type":"ListItem","position":1,"name":"Accueil","item":"https:\/\/www.chateaudelislette.fr\/"},{"@type":"ListItem","position":2,"name":"Chasse fantastique"}]},{"@type":"WebSite","@id":"https:\/\/www.chateaudelislette.fr\/#website","url":"https:\/\/www.chateaudelislette.fr\/","name":"Ch\u00e2teau de l&#039;Islette","description":"The love castle of Camille Claudel and Rodin","publisher":{"@id":"https:\/\/www.chateaudelislette.fr\/#organization"},"potentialAction":[{"@type":"SearchAction","target":{"@type":"EntryPoint","urlTemplate":"https:\/\/www.chateaudelislette.fr\/?s={search_term_string}"},"query-input":{"@type":"PropertyValueSpecification","valueRequired":true,"valueName":"search_term_string"}}],"inLanguage":"en-US"},{"@type":"Organization","@id":"https:\/\/www.chateaudelislette.fr\/#organization","name":"Ch\u00e2teau de l&#039;Islette","url":"https:\/\/www.chateaudelislette.fr\/","logo":{"@type":"ImageObject","inLanguage":"en-US","@id":"https:\/\/www.chateaudelislette.fr\/#\/schema\/logo\/image\/","url":"https:\/\/www.chateaudelislette.fr\/wp-content\/uploads\/2023\/06\/Logo-Islette.png","contentUrl":"https:\/\/www.chateaudelislette.fr\/wp-content\/uploads\/2023\/06\/Logo-Islette.png","width":546,"height":634,"caption":"Ch\u00e2teau de l'Islette"},"image":{"@id":"https:\/\/www.chateaudelislette.fr\/#\/schema\/logo\/image\/"},"sameAs":["https:\/\/www.facebook.com\/chateaudelislette","https:\/\/www.instagram.com\/chateaudelislette"]}]}},"jetpack_sharing_enabled":true,"ticketed":false,"_links":{"self":[{"href":"https:\/\/www.chateaudelislette.fr\/en\/wp-json\/wp\/v2\/pages\/16754","targetHints":{"allow":["GET"]}}],"collection":[{"href":"https:\/\/www.chateaudelislette.fr\/en\/wp-json\/wp\/v2\/pages"}],"about":[{"href":"https:\/\/www.chateaudelislette.fr\/en\/wp-json\/wp\/v2\/types\/page"}],"author":[{"embeddable":true,"href":"https:\/\/www.chateaudelislette.fr\/en\/wp-json\/wp\/v2\/users\/1"}],"replies":[{"embeddable":true,"href":"https:\/\/www.chateaudelislette.fr\/en\/wp-json\/wp\/v2\/comments?post=16754"}],"version-history":[{"count":0,"href":"https:\/\/www.chateaudelislette.fr\/en\/wp-json\/wp\/v2\/pages\/16754\/revisions"}],"wp:attachment":[{"href":"https:\/\/www.chateaudelislette.fr\/en\/wp-json\/wp\/v2\/media?parent=16754"}],"curies":[{"name":"wp","href":"https:\/\/api.w.org\/{rel}","templated":true}]}}